{"id":96294,"date":"2019-11-07T07:19:29","date_gmt":"2019-11-07T07:19:29","guid":{"rendered":"http:\/\/34.219.31.60\/wordpressdef\/?page_id=96294"},"modified":"2022-12-01T08:38:23","modified_gmt":"2022-12-01T08:38:23","slug":"4-la-mitad-tercera-cuarta-y-quinta-parte-de-un-numero-unidad-5-3o-primaria","status":"publish","type":"page","link":"https:\/\/wp.ecreatus.com\/4-la-mitad-tercera-cuarta-y-quinta-parte-de-un-numero-unidad-5-3o-primaria\/","title":{"rendered":"4. La mitad, tercera, cuarta y quinta parte de un n\u00famero (Unidad 5. 3\u00ba Primaria)"},"content":{"rendered":"[vc_row][vc_column][vc_single_image image=\u00bb251591&#8243; img_size=\u00bb1000&#215;250&#8243; alignment=\u00bbcenter\u00bb style=\u00bbvc_box_shadow_3d\u00bb onclick=\u00bbzoom\u00bb css_animation=\u00bbrotateInDownLeft\u00bb][\/vc_column][\/vc_row][vc_row][vc_column][vc_separator][\/vc_column][\/vc_row][vc_row][vc_column][vc_tta_accordion style=\u00bbmodern\u00bb shape=\u00bbround\u00bb color=\u00bbsky\u00bb gap=\u00bb5&#8243; c_icon=\u00bbchevron\u00bb active_section=\u00bb\u00bb no_fill=\u00bbtrue\u00bb collapsible_all=\u00bbtrue\u00bb][vc_tta_section title=\u00bb4. La mitad, tercera, cuarta y quinta parte de un n\u00famero\u00bb tab_id=\u00bb1512121532845-4c251f4b-63be\u00bb][vc_column_text css_animation=\u00bbnone\u00bb]\n<ul>\n<li style=\"text-align: justify;\">Para calcular la<strong> mitad <\/strong>de un n\u00famero, <strong>se divide <\/strong>ese n\u00famero<strong> entre 2<\/strong>.<\/li>\n<li style=\"text-align: justify;\">Para calcular la<strong> tercera parte <\/strong>de un n\u00famero,<strong> dividimos <\/strong>ese n\u00famero<strong> entre 3<\/strong>.<\/li>\n<li style=\"text-align: justify;\">Para calcular la<strong> cuarta parte <\/strong>de un n\u00famero,<strong> se divide <\/strong>ese n\u00famero<strong> entre 4<\/strong>.<\/li>\n<li style=\"text-align: justify;\">Para calcular la<strong> quinta parte <\/strong>de un n\u00famero,<strong> dividimos <\/strong>ese n\u00famero<strong> entre 5<\/strong>.<\/li>\n<\/ul>\n<p style=\"text-align: justify;\">Estas divisiones se pueden expresar en forma de fracci\u00f3n. De manera que:<\/p>\n<p><img class=\"aligncenter wp-image-96302\" src=\"https:\/\/wp.ecreatus.com\/wp-content\/uploads\/2019\/11\/Imagen40.png\" alt=\"\" width=\"450\" height=\"307\" \/><\/p>\n<p>&nbsp;<\/p>\n<div class=\"su-box su-box-style-default\" id=\"\" style=\"border-color:#cc7700;border-radius:3px\"><div class=\"su-box-title\" style=\"background-color:#ffaa2b;color:#FFFFFF;border-top-left-radius:1px;border-top-right-radius:1px\">Ejemplo<\/div><div class=\"su-box-content su-u-clearfix su-u-trim\" style=\"border-bottom-left-radius:1px;border-bottom-right-radius:1px\">\n<p style=\"text-align: justify;\"><b>Calcula la tercera parte de 24:<\/b><\/p>\n<p style=\"padding-left: 30px; text-align: justify;\">Expresamos la tercera parte de 24 en forma de fracci\u00f3n:<\/p>\n<p style=\"padding-left: 30px; text-align: justify;\"><img class=\"aligncenter wp-image-96305\" src=\"https:\/\/wp.ecreatus.com\/wp-content\/uploads\/2019\/11\/Imagen41.png\" alt=\"\" width=\"45\" height=\"60\" \/><\/p>\n<p style=\"padding-left: 30px; text-align: justify;\">Recuerda que una fracci\u00f3n es una divisi\u00f3n. Por ello, para calcular la tercera parte de 24 realizamos la siguiente divisi\u00f3n:<\/p>\n<p><img class=\"size-medium wp-image-96306 aligncenter\" src=\"https:\/\/wp.ecreatus.com\/wp-content\/uploads\/2019\/11\/Imagen42-300x117.png\" alt=\"\" width=\"300\" height=\"117\" \/><\/p>\n<p style=\"padding-left: 30px; text-align: center;\">Por tanto, <strong>la tercera parte de 24 es 8<\/strong>.<\/p>\n<\/div><\/div>[\/vc_column_text][vc_text_separator title=\u00bbProblema resuelto\u00bb title_align=\u00bbseparator_align_left\u00bb color=\u00bborange\u00bb border_width=\u00bb3&#8243;][vc_row_inner][vc_column_inner][vc_column_text]<strong>Calcula la cuarta parte del siguiente cuadrado:<\/strong><\/p>\n<p><img class=\"aligncenter wp-image-96317\" src=\"https:\/\/wp.ecreatus.com\/wp-content\/uploads\/2019\/11\/Imagen43.png\" alt=\"\" width=\"150\" height=\"150\" \/><\/p>\n<p style=\"padding-left: 30px; text-align: justify;\">Como calcular la cuarta parte significa tener una fracci\u00f3n con un denominador que sea 4, dividimos el cuadrado en cuatro partes iguales:<\/p>\n<p><img class=\"aligncenter wp-image-96320\" src=\"https:\/\/wp.ecreatus.com\/wp-content\/uploads\/2019\/11\/Imagen45.png\" alt=\"\" width=\"150\" height=\"150\" \/><\/p>\n<p style=\"padding-left: 30px; text-align: justify;\">Como la cuarta parte es una fracci\u00f3n con un numerador que es 1, escogemos una parte:<\/p>\n<p><img class=\"aligncenter wp-image-96323\" src=\"https:\/\/wp.ecreatus.com\/wp-content\/uploads\/2019\/11\/Imagen46.png\" alt=\"\" width=\"400\" height=\"175\" \/>[\/vc_column_text][\/vc_column_inner][\/vc_row_inner][vc_separator color=\u00bborange\u00bb border_width=\u00bb3&#8243;][vc_message message_box_color=\u00bborange\u00bb icon_fontawesome=\u00bbfa fa-pencil-square-o\u00bb css_animation=\u00bbbounceInDown\u00bb]Actividades[\/vc_message][vc_text_separator title=\u00bbRealiza en tu cuaderno\u00bb title_align=\u00bbseparator_align_left\u00bb color=\u00bborange\u00bb border_width=\u00bb3&#8243;][vc_row_inner][vc_column_inner width=\u00bb1\/2&#8243;][vc_column_text]\n<p style=\"text-align: justify;\"><strong>1. Expresa en forma de fracci\u00f3n y calcula:<\/strong><\/p>\n<ul>\n<li style=\"text-align: justify;\">La mitad de 8.<\/li>\n<li style=\"text-align: justify;\">La tercera parte de 27.<\/li>\n<li style=\"text-align: justify;\">La cuarta parte de 16.<\/li>\n<li style=\"text-align: justify;\">La quinta parte de 10.<\/li>\n<\/ul>\n[\/vc_column_text][\/vc_column_inner][vc_column_inner width=\u00bb1\/2&#8243;][vc_column_text]\n<p style=\"text-align: justify;\"><strong>2. Halla la quinta parte de la siguiente figura:<\/strong><\/p>\n<p><img class=\"aligncenter wp-image-96333\" src=\"https:\/\/wp.ecreatus.com\/wp-content\/uploads\/2019\/11\/Imagen47.png\" alt=\"\" width=\"250\" height=\"100\" \/>[\/vc_column_text][\/vc_column_inner][\/vc_row_inner][vc_separator color=\u00bborange\u00bb border_width=\u00bb3&#8243;][\/vc_tta_section][\/vc_tta_accordion][\/vc_column][\/vc_row][vc_row][vc_column width=\u00bb1\/2&#8243;][vc_icon icon_fontawesome=\u00bbfas fa-arrow-left\u00bb color=\u00bbblack\u00bb background_style=\u00bbrounded-less-outline\u00bb background_color=\u00bbblack\u00bb css_animation=\u00bbfadeInRight\u00bb link=\u00bburl:https%3A%2F%2Fwp.ecreatus.com%2F3-comparacion-de-fracciones-unidad-5-3o-primaria%2F\u00bb][\/vc_column][vc_column width=\u00bb1\/2&#8243;][\/vc_column][\/vc_row]\n","protected":false},"excerpt":{"rendered":"<p>[vc_row][vc_column][vc_single_image image=\u00bb251591&#8243; img_size=\u00bb1000&#215;250&#8243; alignment=\u00bbcenter\u00bb style=\u00bbvc_box_shadow_3d\u00bb onclick=\u00bbzoom\u00bb css_animation=\u00bbrotateInDownLeft\u00bb][\/vc_column][\/vc_row][vc_row][vc_column][vc_separator][\/vc_column][\/vc_row][vc_row][vc_column][vc_tta_accordion style=\u00bbmodern\u00bb shape=\u00bbround\u00bb color=\u00bbsky\u00bb gap=\u00bb5&#8243; c_icon=\u00bbchevron\u00bb active_section=\u00bb\u00bb no_fill=\u00bbtrue\u00bb collapsible_all=\u00bbtrue\u00bb][vc_tta_section title=\u00bb4. La mitad, tercera, cuarta y quinta parte de un n\u00famero\u00bb tab_id=\u00bb1512121532845-4c251f4b-63be\u00bb][vc_column_text css_animation=\u00bbnone\u00bb] Para calcular la mitad de un n\u00famero, se divide ese n\u00famero entre 2. Para calcular la tercera parte de un n\u00famero, dividimos ese n\u00famero entre 3. Para &hellip; <\/p>\n","protected":false},"author":14,"featured_media":0,"parent":0,"menu_order":0,"comment_status":"closed","ping_status":"closed","template":"","meta":[],"categories":[5258,5046,5342],"tags":[],"_links":{"self":[{"href":"https:\/\/wp.ecreatus.com\/wp-json\/wp\/v2\/pages\/96294"}],"collection":[{"href":"https:\/\/wp.ecreatus.com\/wp-json\/wp\/v2\/pages"}],"about":[{"href":"https:\/\/wp.ecreatus.com\/wp-json\/wp\/v2\/types\/page"}],"author":[{"embeddable":true,"href":"https:\/\/wp.ecreatus.com\/wp-json\/wp\/v2\/users\/14"}],"replies":[{"embeddable":true,"href":"https:\/\/wp.ecreatus.com\/wp-json\/wp\/v2\/comments?post=96294"}],"version-history":[{"count":4,"href":"https:\/\/wp.ecreatus.com\/wp-json\/wp\/v2\/pages\/96294\/revisions"}],"predecessor-version":[{"id":267250,"href":"https:\/\/wp.ecreatus.com\/wp-json\/wp\/v2\/pages\/96294\/revisions\/267250"}],"wp:attachment":[{"href":"https:\/\/wp.ecreatus.com\/wp-json\/wp\/v2\/media?parent=96294"}],"wp:term":[{"taxonomy":"category","embeddable":true,"href":"https:\/\/wp.ecreatus.com\/wp-json\/wp\/v2\/categories?post=96294"},{"taxonomy":"post_tag","embeddable":true,"href":"https:\/\/wp.ecreatus.com\/wp-json\/wp\/v2\/tags?post=96294"}],"curies":[{"name":"wp","href":"https:\/\/api.w.org\/{rel}","templated":true}]}}