{"id":61253,"date":"2019-05-27T09:05:03","date_gmt":"2019-05-27T09:05:03","guid":{"rendered":"http:\/\/34.219.31.60\/wordpressdef\/?page_id=61253"},"modified":"2022-12-01T08:36:18","modified_gmt":"2022-12-01T08:36:18","slug":"3-comparacion-de-fracciones-unidad-5-3o-primaria","status":"publish","type":"page","link":"https:\/\/wp.ecreatus.com\/3-comparacion-de-fracciones-unidad-5-3o-primaria\/","title":{"rendered":"3. Comparaci\u00f3n de fracciones (Unidad 5. 3\u00ba Primaria)"},"content":{"rendered":"[vc_row][vc_column][vc_single_image image=\u00bb251587&#8243; img_size=\u00bb1000&#215;250&#8243; alignment=\u00bbcenter\u00bb style=\u00bbvc_box_shadow_3d\u00bb onclick=\u00bbzoom\u00bb css_animation=\u00bbrotateInDownLeft\u00bb][\/vc_column][\/vc_row][vc_row][vc_column][vc_separator][\/vc_column][\/vc_row][vc_row][vc_column][vc_tta_accordion style=\u00bbmodern\u00bb shape=\u00bbround\u00bb color=\u00bbsky\u00bb gap=\u00bb5&#8243; c_icon=\u00bbchevron\u00bb active_section=\u00bb\u00bb no_fill=\u00bbtrue\u00bb collapsible_all=\u00bbtrue\u00bb][vc_tta_section title=\u00bb3. Comparaci\u00f3n de fracciones\u00bb tab_id=\u00bb1512121532845-4c251f4b-63be\u00bb][vc_column_text css_animation=\u00bbnone\u00bb]\n<p style=\"text-align: justify;\"><strong>Cuando dos fracciones tienen igual denominador, es mayor la fracci\u00f3n que tiene el numerador mayor.<\/strong><\/p>\n<p>&nbsp;<\/p>\n<div class=\"su-box su-box-style-default\" id=\"\" style=\"border-color:#cc7700;border-radius:3px\"><div class=\"su-box-title\" style=\"background-color:#ffaa2b;color:#FFFFFF;border-top-left-radius:1px;border-top-right-radius:1px\">Ejemplo<\/div><div class=\"su-box-content su-u-clearfix su-u-trim\" style=\"border-bottom-left-radius:1px;border-bottom-right-radius:1px\">\n<p style=\"text-align: justify;\"><strong>Compara las siguientes fracciones<\/strong>:<\/p>\n<p style=\"text-align: justify;\"><img class=\"aligncenter wp-image-96262\" src=\"https:\/\/wp.ecreatus.com\/wp-content\/uploads\/2019\/11\/Imagen30.png\" alt=\"\" width=\"100\" height=\"70\" \/><\/p>\n<p style=\"padding-left: 30px;\">Para comparar estas fracciones, utilizaremos dos dibujos iguales y observaremos en el que se colorean m\u00e1s partes:<\/p>\n<p><img class=\"aligncenter wp-image-96263\" src=\"https:\/\/wp.ecreatus.com\/wp-content\/uploads\/2019\/11\/Imagen31.png\" alt=\"\" width=\"500\" height=\"129\" \/><\/p>\n<p style=\"padding-left: 30px;\">Se han coloreado m\u00e1s partes en el primer dibujo. Por tanto:<\/p>\n<p><img class=\"aligncenter wp-image-96264\" src=\"https:\/\/wp.ecreatus.com\/wp-content\/uploads\/2019\/11\/Imagen32.png\" alt=\"\" width=\"100\" height=\"70\" \/><\/p>\n<\/div><\/div>\n<p><img class=\"aligncenter wp-image-96279\" src=\"https:\/\/wp.ecreatus.com\/wp-content\/uploads\/2019\/11\/Imagen36.png\" alt=\"\" width=\"500\" height=\"285\" \/>[\/vc_column_text][vc_text_separator title=\u00bbProblema resuelto\u00bb title_align=\u00bbseparator_align_left\u00bb color=\u00bborange\u00bb border_width=\u00bb3&#8243;][vc_row_inner][vc_column_inner][vc_column_text]<strong>\u00bfQu\u00e9 fracci\u00f3n representa el color amarillo de cada cubo? Ord\u00e9nalas de mayor a menor:<\/strong><\/p>\n<p><img class=\"aligncenter wp-image-96275\" src=\"https:\/\/wp.ecreatus.com\/wp-content\/uploads\/2019\/11\/Imagen33.png\" alt=\"\" width=\"350\" height=\"133\" \/><\/p>\n<p style=\"padding-left: 30px;\">Escribimos la fracci\u00f3n de color amarillo de cada cubo:<\/p>\n<p><img class=\"aligncenter wp-image-96276\" src=\"https:\/\/wp.ecreatus.com\/wp-content\/uploads\/2019\/11\/Imagen34.png\" alt=\"\" width=\"550\" height=\"152\" \/><\/p>\n<p style=\"padding-left: 30px; text-align: justify;\">Nos fijamos en los numeradores. De manera que, la fracci\u00f3n mayor ser\u00e1 la que tenga el numerador mayor. Por tanto:<\/p>\n<p><img class=\"aligncenter wp-image-96277\" src=\"https:\/\/wp.ecreatus.com\/wp-content\/uploads\/2019\/11\/Imagen35.png\" alt=\"\" width=\"100\" height=\"63\" \/>[\/vc_column_text][\/vc_column_inner][\/vc_row_inner][vc_separator color=\u00bborange\u00bb border_width=\u00bb3&#8243;][vc_message message_box_color=\u00bborange\u00bb icon_fontawesome=\u00bbfa fa-pencil-square-o\u00bb css_animation=\u00bbbounceInDown\u00bb]Actividades[\/vc_message][vc_text_separator title=\u00bbRealiza en tu cuaderno\u00bb title_align=\u00bbseparator_align_left\u00bb color=\u00bborange\u00bb border_width=\u00bb3&#8243;][vc_row_inner][vc_column_inner width=\u00bb1\/2&#8243;][vc_column_text]\n<p style=\"text-align: justify;\"><strong>1. Compara los siguientes pares de fracciones<\/strong>:<\/p>\n<p><img class=\"aligncenter wp-image-96281\" src=\"https:\/\/wp.ecreatus.com\/wp-content\/uploads\/2019\/11\/Imagen37.png\" alt=\"\" width=\"400\" height=\"54\" \/><\/p>\n<p><strong>2. Escribe dos fracciones mayores que tres sextos y dos fracciones menores que cinco s\u00e9ptimos.<\/strong>[\/vc_column_text][\/vc_column_inner][vc_column_inner width=\u00bb1\/2&#8243;][vc_column_text]\n<p style=\"text-align: justify;\"><strong><img class=\"alignright wp-image-96287\" src=\"https:\/\/wp.ecreatus.com\/wp-content\/uploads\/2019\/11\/Imagen38.png\" alt=\"\" width=\"200\" height=\"164\" \/>3. En el colegio Los Sauces dos quintos de los alumnos son chicos y tres quintos son chicas. Representa estos datos con fracciones, y a continuaci\u00f3n, comp\u00e1ralos.<\/strong><\/p>\n[\/vc_column_text][\/vc_column_inner][\/vc_row_inner][vc_separator color=\u00bborange\u00bb border_width=\u00bb3&#8243;][\/vc_tta_section][\/vc_tta_accordion][\/vc_column][\/vc_row][vc_row][vc_column width=\u00bb1\/2&#8243;][vc_icon icon_fontawesome=\u00bbfas fa-arrow-left\u00bb color=\u00bbblack\u00bb background_style=\u00bbrounded-less-outline\u00bb background_color=\u00bbblack\u00bb css_animation=\u00bbfadeInRight\u00bb link=\u00bburl:https%3A%2F%2Fwp.ecreatus.com%2F2-lectura-y-escritura-de-fracciones-unidad-5-3o-primaria%2F\u00bb][\/vc_column][vc_column width=\u00bb1\/2&#8243;][vc_icon icon_fontawesome=\u00bbfas fa-arrow-right\u00bb color=\u00bbblack\u00bb background_style=\u00bbrounded-less-outline\u00bb background_color=\u00bbblack\u00bb align=\u00bbright\u00bb css_animation=\u00bbfadeInLeft\u00bb link=\u00bburl:https%3A%2F%2Fwp.ecreatus.com%2F4-la-mitad-tercera-cuarta-y-quinta-parte-de-un-numero-unidad-5-3o-primaria%2F\u00bb][\/vc_column][\/vc_row]\n","protected":false},"excerpt":{"rendered":"<p>[vc_row][vc_column][vc_single_image image=\u00bb251587&#8243; img_size=\u00bb1000&#215;250&#8243; alignment=\u00bbcenter\u00bb style=\u00bbvc_box_shadow_3d\u00bb onclick=\u00bbzoom\u00bb css_animation=\u00bbrotateInDownLeft\u00bb][\/vc_column][\/vc_row][vc_row][vc_column][vc_separator][\/vc_column][\/vc_row][vc_row][vc_column][vc_tta_accordion style=\u00bbmodern\u00bb shape=\u00bbround\u00bb color=\u00bbsky\u00bb gap=\u00bb5&#8243; c_icon=\u00bbchevron\u00bb active_section=\u00bb\u00bb no_fill=\u00bbtrue\u00bb collapsible_all=\u00bbtrue\u00bb][vc_tta_section title=\u00bb3. Comparaci\u00f3n de fracciones\u00bb tab_id=\u00bb1512121532845-4c251f4b-63be\u00bb][vc_column_text css_animation=\u00bbnone\u00bb] Cuando dos fracciones tienen igual denominador, es mayor la fracci\u00f3n que tiene el numerador mayor. &nbsp; [\/vc_column_text][vc_text_separator title=\u00bbProblema resuelto\u00bb title_align=\u00bbseparator_align_left\u00bb color=\u00bborange\u00bb border_width=\u00bb3&#8243;][vc_row_inner][vc_column_inner][vc_column_text]\u00bfQu\u00e9 fracci\u00f3n representa el color amarillo de cada cubo? Ord\u00e9nalas de mayor a &hellip; <\/p>\n","protected":false},"author":14,"featured_media":0,"parent":0,"menu_order":0,"comment_status":"closed","ping_status":"closed","template":"","meta":[],"categories":[5258,5046,5342],"tags":[],"_links":{"self":[{"href":"https:\/\/wp.ecreatus.com\/wp-json\/wp\/v2\/pages\/61253"}],"collection":[{"href":"https:\/\/wp.ecreatus.com\/wp-json\/wp\/v2\/pages"}],"about":[{"href":"https:\/\/wp.ecreatus.com\/wp-json\/wp\/v2\/types\/page"}],"author":[{"embeddable":true,"href":"https:\/\/wp.ecreatus.com\/wp-json\/wp\/v2\/users\/14"}],"replies":[{"embeddable":true,"href":"https:\/\/wp.ecreatus.com\/wp-json\/wp\/v2\/comments?post=61253"}],"version-history":[{"count":4,"href":"https:\/\/wp.ecreatus.com\/wp-json\/wp\/v2\/pages\/61253\/revisions"}],"predecessor-version":[{"id":267244,"href":"https:\/\/wp.ecreatus.com\/wp-json\/wp\/v2\/pages\/61253\/revisions\/267244"}],"wp:attachment":[{"href":"https:\/\/wp.ecreatus.com\/wp-json\/wp\/v2\/media?parent=61253"}],"wp:term":[{"taxonomy":"category","embeddable":true,"href":"https:\/\/wp.ecreatus.com\/wp-json\/wp\/v2\/categories?post=61253"},{"taxonomy":"post_tag","embeddable":true,"href":"https:\/\/wp.ecreatus.com\/wp-json\/wp\/v2\/tags?post=61253"}],"curies":[{"name":"wp","href":"https:\/\/api.w.org\/{rel}","templated":true}]}}